{"id":130,"date":"2021-05-20T18:07:53","date_gmt":"2021-05-20T16:07:53","guid":{"rendered":"https:\/\/rieger-kyritz.de\/wordpress\/?page_id=130"},"modified":"2023-07-06T10:04:06","modified_gmt":"2023-07-06T08:04:06","slug":"130-2","status":"publish","type":"page","link":"https:\/\/rieger-kyritz.de\/","title":{"rendered":"Startseite"},"content":{"rendered":"\n<div class=\"wp-block-cover alignfull is-light has-parallax is-style-tw-shadow\" style=\"padding-top:0px;padding-right:0px;padding-bottom:0px;padding-left:0px;min-height:1400px;aspect-ratio:unset;\"><span aria-hidden=\"true\" class=\"wp-block-cover__background has-background-dim-20 has-background-dim\"><\/span><div role=\"img\" class=\"wp-block-cover__image-background wp-image-227 has-parallax\" style=\"background-position:50% 50%;background-image:url(http:\/\/rieger-kyritz.de\/wp-content\/uploads\/2023\/06\/Startseite_Background-scaled.jpg)\"><\/div><div class=\"wp-block-cover__inner-container is-layout-flow wp-block-cover-is-layout-flow\">\n<h1 class=\"wp-block-heading alignfull has-text-align-center tw-text-shadow tw-heading-dash-bottom tw-sm-hidden tw-md-hidden has-subtle-background-color has-text-color\" style=\"padding-top:0;padding-right:0;padding-bottom:0;padding-left:0;font-size:126px;font-style:normal;font-weight:900;line-height:1\">Herzlich Willkommen<\/h1>\n\n\n\n<p><\/p>\n\n\n\n<p><\/p>\n\n\n\n<p><\/p>\n\n\n\n<p><\/p>\n\n\n\n<p><\/p>\n\n\n\n<p><\/p>\n\n\n\n<p><\/p>\n\n\n\n<p><\/p>\n\n\n\n<p><\/p>\n<\/div><\/div>\n\n\n\n<div class=\"wp-block-group alignfull has-background-background-color has-background tw-shadow\" style=\"border-style:none;border-width:0px;border-radius:0px;padding-top:0px;padding-right:0px;padding-bottom:0px;padding-left:0px\"><div class=\"wp-block-group__inner-container is-layout-flow wp-block-group-is-layout-flow\">\n<div style=\"height:100px\" aria-hidden=\"true\" class=\"wp-block-spacer\"><\/div>\n\n\n\n<figure class=\"wp-block-image alignwide size-large is-style-tw-hard-shadow\"><img loading=\"lazy\" decoding=\"async\" width=\"1024\" height=\"215\" src=\"https:\/\/rieger-kyritz.de\/wordpress\/wp-content\/uploads\/2023\/07\/Kopf-Ing.-Buero-alt1-1024x215.jpg\" alt=\"\" class=\"wp-image-289\" srcset=\"https:\/\/rieger-kyritz.de\/wp-content\/uploads\/2023\/07\/Kopf-Ing.-Buero-alt1-1024x215.jpg 1024w, https:\/\/rieger-kyritz.de\/wp-content\/uploads\/2023\/07\/Kopf-Ing.-Buero-alt1-300x63.jpg 300w, https:\/\/rieger-kyritz.de\/wp-content\/uploads\/2023\/07\/Kopf-Ing.-Buero-alt1-768x161.jpg 768w, https:\/\/rieger-kyritz.de\/wp-content\/uploads\/2023\/07\/Kopf-Ing.-Buero-alt1.jpg 1113w\" sizes=\"auto, (max-width: 1024px) 100vw, 1024px\" \/><\/figure>\n\n\n\n<h2 class=\"wp-block-heading has-text-align-center\">Wir planen f\u00fcr Sie!<\/h2>\n\n\n\n<div class=\"wp-block-columns alignwide tw-justify-center has-text-align-center tw-gutter-large is-layout-flex wp-container-core-columns-is-layout-9d6595d7 wp-block-columns-is-layout-flex\">\n<div class=\"wp-block-column is-layout-flow wp-block-column-is-layout-flow\">\n<h3 class=\"wp-block-heading has-h-5-font-size\">Heizungs-, L\u00fcftungs- und Sanit\u00e4ranlagen und \u00fcbernehmen f\u00fcr Sie die Bau\u00fcberwachung.<\/h3>\n\n\n\n<p><\/p>\n<\/div>\n<\/div>\n<\/div><\/div>\n\n\n\n<div class=\"wp-block-group alignfull has-subtle-background-background-color has-background tw-shadow\" id=\"team\"><div class=\"wp-block-group__inner-container is-layout-flow wp-block-group-is-layout-flow\">\n<hr class=\"wp-block-separator has-text-color has-accent-color has-alpha-channel-opacity has-accent-background-color has-background is-style-tw-short\"\/>\n\n\n\n<h2 class=\"wp-block-heading has-text-align-center\" id=\"team\">Unser Team<\/h2>\n\n\n\n<div class=\"wp-block-columns is-layout-flex wp-container-core-columns-is-layout-9d6595d7 wp-block-columns-is-layout-flex\">\n<div class=\"wp-block-column is-layout-flow wp-block-column-is-layout-flow\">\n<p><strong>Ulf Rieger<\/strong><\/p>\n\n\n\n<p class=\"has-text-align-left\">Dipl.-Ing. (FH) f\u00fcr Heizung-, L\u00fcftungs- und Sanit\u00e4rtechnik<\/p>\n<\/div>\n\n\n\n<div class=\"wp-block-column is-layout-flow wp-block-column-is-layout-flow\">\n<p><strong>Maximilian Rieger<\/strong><\/p>\n\n\n\n<p>Betriebswirt<\/p>\n<\/div>\n\n\n\n<div class=\"wp-block-column is-layout-flow wp-block-column-is-layout-flow\">\n<p><strong>Cornelia Rieger<\/strong><\/p>\n\n\n\n<p>Mitarbeiterin<\/p>\n<\/div>\n<\/div>\n<\/div><\/div>\n\n\n\n<div class=\"wp-block-group alignfull has-background-background-color has-background tw-shadow\"><div class=\"wp-block-group__inner-container is-layout-flow wp-block-group-is-layout-flow\">\n<hr class=\"wp-block-separator has-text-color has-accent-color has-alpha-channel-opacity has-accent-background-color has-background is-style-tw-short\"\/>\n\n\n\n<h2 class=\"wp-block-heading has-text-align-center\">Aktuelles Projekt<\/h2>\n\n\n\n<figure class=\"wp-block-image size-large\"><img loading=\"lazy\" decoding=\"async\" width=\"2560\" height=\"1920\" src=\"https:\/\/rieger-kyritz.de\/wordpress\/wp-content\/uploads\/2023\/07\/Bauzeichnung_Putlitz-edited-1-scaled.jpg\" alt=\"\" class=\"wp-image-295\" srcset=\"https:\/\/rieger-kyritz.de\/wp-content\/uploads\/2023\/07\/Bauzeichnung_Putlitz-edited-1-scaled.jpg 2560w, https:\/\/rieger-kyritz.de\/wp-content\/uploads\/2023\/07\/Bauzeichnung_Putlitz-edited-1-300x225.jpg 300w, https:\/\/rieger-kyritz.de\/wp-content\/uploads\/2023\/07\/Bauzeichnung_Putlitz-edited-1-1024x768.jpg 1024w, https:\/\/rieger-kyritz.de\/wp-content\/uploads\/2023\/07\/Bauzeichnung_Putlitz-edited-1-768x576.jpg 768w, https:\/\/rieger-kyritz.de\/wp-content\/uploads\/2023\/07\/Bauzeichnung_Putlitz-edited-1-1536x1152.jpg 1536w, https:\/\/rieger-kyritz.de\/wp-content\/uploads\/2023\/07\/Bauzeichnung_Putlitz-edited-1-2048x1536.jpg 2048w, https:\/\/rieger-kyritz.de\/wp-content\/uploads\/2023\/07\/Bauzeichnung_Putlitz-edited-1-1200x900.jpg 1200w, https:\/\/rieger-kyritz.de\/wp-content\/uploads\/2023\/07\/Bauzeichnung_Putlitz-edited-1-1980x1485.jpg 1980w\" sizes=\"auto, (max-width: 2560px) 100vw, 2560px\" \/><\/figure>\n\n\n\n<figure class=\"wp-block-table is-style-tw-border-h\"><table><tbody><tr><td>Bauherr:<\/td><td>Amt Putlitz-Berge<br>Zur Burghofwiese 2, 16949 Putlitz<\/td><\/tr><tr><td>Gewerk:<\/td><td>Heizung \u2013 Sanit\u00e4r<\/td><\/tr><tr><td>Bausumme:<\/td><td>ca. 300.000,- \u20ac<\/td><\/tr><tr><td>Baubeginn:<\/td><td>03.07.2023<\/td><\/tr><tr><td>Beschreibung:<\/td><td>Einbau von 119 neuen Heizk\u00f6rpern<br>(geeignet f\u00fcr einen m\u00f6glichen W\u00e4rmepumpenbetrieb)<\/td><\/tr><\/tbody><\/table><\/figure>\n<\/div><\/div>\n\n\n\n<div class=\"wp-block-group alignfull has-subtle-background-background-color has-background tw-shadow\" id=\"projekte\"><div class=\"wp-block-group__inner-container is-layout-flow wp-block-group-is-layout-flow\">\n<hr class=\"wp-block-separator has-text-color has-accent-color has-alpha-channel-opacity has-accent-background-color has-background is-style-tw-short\"\/>\n\n\n\n<h2 class=\"wp-block-heading has-text-align-center\" id=\"projekte\">Unsere Projekte<\/h2>\n\n\n\n<div class=\"wp-block-group\"><div class=\"wp-block-group__inner-container is-layout-constrained wp-block-group-is-layout-constrained\">\n<div class=\"wp-block-group\"><div class=\"wp-block-group__inner-container is-layout-constrained wp-block-group-is-layout-constrained\">\n<h5 class=\"wp-block-heading has-text-align-center\">Sparkasse Kyritz<\/h5>\n\n\n\n<figure class=\"wp-block-image size-full\"><img loading=\"lazy\" decoding=\"async\" width=\"768\" height=\"1024\" src=\"http:\/\/rieger-kyritz.de\/wordpress\/wp-content\/uploads\/2021\/05\/7.jpg\" alt=\"\" class=\"wp-image-101\" srcset=\"https:\/\/rieger-kyritz.de\/wp-content\/uploads\/2021\/05\/7.jpg 768w, https:\/\/rieger-kyritz.de\/wp-content\/uploads\/2021\/05\/7-225x300.jpg 225w\" sizes=\"auto, (max-width: 768px) 100vw, 768px\" \/><\/figure>\n\n\n\n<figure class=\"wp-block-table is-style-tw-border-h\"><table><tbody><tr><td>Bauherr:<\/td><td>Sparkasse OPR<br>Fontaneplatz 1, 16816 Neuruppin<\/td><\/tr><tr><td>Gewerk:<\/td><td>Heizung \u2013 Sanit\u00e4r<\/td><\/tr><\/tbody><\/table><\/figure>\n<\/div><\/div>\n\n\n\n<div class=\"wp-block-group\"><div class=\"wp-block-group__inner-container is-layout-constrained wp-block-group-is-layout-constrained\">\n<h5 class=\"wp-block-heading has-text-align-center\">Pfarr- und Schulhaus mit Nebengeb\u00e4ude Br\u00fcgge<\/h5>\n\n\n\n<figure class=\"wp-block-image size-full\"><img loading=\"lazy\" decoding=\"async\" width=\"1024\" height=\"768\" src=\"http:\/\/rieger-kyritz.de\/wordpress\/wp-content\/uploads\/2021\/05\/6.jpg\" alt=\"\" class=\"wp-image-100\" srcset=\"https:\/\/rieger-kyritz.de\/wp-content\/uploads\/2021\/05\/6.jpg 1024w, https:\/\/rieger-kyritz.de\/wp-content\/uploads\/2021\/05\/6-300x225.jpg 300w, https:\/\/rieger-kyritz.de\/wp-content\/uploads\/2021\/05\/6-768x576.jpg 768w\" sizes=\"auto, (max-width: 1024px) 100vw, 1024px\" \/><\/figure>\n\n\n\n<figure class=\"wp-block-table is-style-tw-border-h\"><table><tbody><tr><td>Bauherr:<\/td><td>Amt Meyenburg<br>Freyensteiner Stra\u00dfe 42, 16945 Meyenburg<\/td><\/tr><tr><td>Gewerk:<\/td><td>Heizung \u2013 Sanit\u00e4r<\/td><\/tr><\/tbody><\/table><\/figure>\n<\/div><\/div>\n\n\n\n<div class=\"wp-block-group\"><div class=\"wp-block-group__inner-container is-layout-constrained wp-block-group-is-layout-constrained\">\n<h5 class=\"wp-block-heading has-text-align-center\">Finanzamt Kyritz<\/h5>\n\n\n\n<figure class=\"wp-block-image size-full\"><img loading=\"lazy\" decoding=\"async\" width=\"1024\" height=\"768\" src=\"http:\/\/rieger-kyritz.de\/wordpress\/wp-content\/uploads\/2021\/05\/8.jpg\" alt=\"\" class=\"wp-image-102\" srcset=\"https:\/\/rieger-kyritz.de\/wp-content\/uploads\/2021\/05\/8.jpg 1024w, https:\/\/rieger-kyritz.de\/wp-content\/uploads\/2021\/05\/8-300x225.jpg 300w, https:\/\/rieger-kyritz.de\/wp-content\/uploads\/2021\/05\/8-768x576.jpg 768w\" sizes=\"auto, (max-width: 1024px) 100vw, 1024px\" \/><\/figure>\n\n\n\n<figure class=\"wp-block-table is-style-tw-border-h\"><table><tbody><tr><td>Bauherr:<\/td><td>Brandenburgische Landesregierung BLB<br>Magdeburger Stra\u00dfe 45, 14770 Brandenburg<\/td><\/tr><tr><td>Gewerk:<\/td><td>Klimaanlage Archiv<\/td><\/tr><\/tbody><\/table><\/figure>\n<\/div><\/div>\n\n\n\n<div class=\"wp-block-group\"><div class=\"wp-block-group__inner-container is-layout-constrained wp-block-group-is-layout-constrained\">\n<h5 class=\"wp-block-heading has-text-align-center\">Jugendstilvilla Wittstock<\/h5>\n\n\n\n<figure class=\"wp-block-image size-full\"><img loading=\"lazy\" decoding=\"async\" width=\"1024\" height=\"768\" src=\"http:\/\/rieger-kyritz.de\/wordpress\/wp-content\/uploads\/2021\/05\/3.jpg\" alt=\"\" class=\"wp-image-97\" srcset=\"https:\/\/rieger-kyritz.de\/wp-content\/uploads\/2021\/05\/3.jpg 1024w, https:\/\/rieger-kyritz.de\/wp-content\/uploads\/2021\/05\/3-300x225.jpg 300w, https:\/\/rieger-kyritz.de\/wp-content\/uploads\/2021\/05\/3-768x576.jpg 768w\" sizes=\"auto, (max-width: 1024px) 100vw, 1024px\" \/><\/figure>\n\n\n\n<figure class=\"wp-block-table is-style-tw-border-h\"><table><tbody><tr><td>Bauherr:<\/td><td>GWV GmbH Wittstock<br>Markt 9, 16909 Wittstock<\/td><\/tr><tr><td>Gewerk:<\/td><td>Heizung \u2013 L\u00fcftung \u2013 Sanit\u00e4r<\/td><\/tr><\/tbody><\/table><\/figure>\n<\/div><\/div>\n\n\n\n<div class=\"wp-block-group\"><div class=\"wp-block-group__inner-container is-layout-constrained wp-block-group-is-layout-constrained\">\n<h5 class=\"wp-block-heading has-text-align-center\">Mehrfamilienhaus Meyenburg<\/h5>\n\n\n\n<figure class=\"wp-block-image size-full\"><img loading=\"lazy\" decoding=\"async\" width=\"1024\" height=\"768\" src=\"http:\/\/rieger-kyritz.de\/wordpress\/wp-content\/uploads\/2021\/05\/4.jpg\" alt=\"\" class=\"wp-image-98\" srcset=\"https:\/\/rieger-kyritz.de\/wp-content\/uploads\/2021\/05\/4.jpg 1024w, https:\/\/rieger-kyritz.de\/wp-content\/uploads\/2021\/05\/4-300x225.jpg 300w, https:\/\/rieger-kyritz.de\/wp-content\/uploads\/2021\/05\/4-768x576.jpg 768w\" sizes=\"auto, (max-width: 1024px) 100vw, 1024px\" \/><\/figure>\n\n\n\n<figure class=\"wp-block-table is-style-tw-border-h\"><table><tbody><tr><td>Bauherr:<\/td><td>Stadt Meyenburg<br>Freyensteiner Stra\u00dfe 42, 16945 Meyenburg<\/td><\/tr><tr><td>Gewerk:<\/td><td>Heizung \u2013 L\u00fcftung \u2013 Sanit\u00e4r<\/td><\/tr><\/tbody><\/table><\/figure>\n<\/div><\/div>\n<\/div><\/div>\n<\/div><\/div>\n\n\n\n<div class=\"wp-block-group alignfull has-background-background-color has-background has-small-font-size\" id=\"footer\"><div class=\"wp-block-group__inner-container is-layout-flow wp-block-group-is-layout-flow\">\n<p><\/p>\n<\/div><\/div>\n","protected":false},"excerpt":{"rendered":"<p>Wir planen f\u00fcr Sie! Heizungs-, L\u00fcftungs- und Sanit\u00e4ranlagen und \u00fcbernehmen f\u00fcr Sie die Bau\u00fcberwachung. Unser Team Ulf Rieger Dipl.-Ing. (FH) f\u00fcr Heizung-, L\u00fcftungs- und Sanit\u00e4rtechnik Maximilian Rieger Betriebswirt Cornelia Rieger Mitarbeiterin Aktuelles Projekt Bauherr: Amt Putlitz-BergeZur Burghofwiese 2, 16949 Putlitz Gewerk: Heizung \u2013 Sanit\u00e4r Bausumme: ca. 300.000,- \u20ac Baubeginn: 03.07.2023 Beschreibung: Einbau von 119 neuen&hellip;<\/p>\n","protected":false},"author":1,"featured_media":0,"parent":0,"menu_order":0,"comment_status":"closed","ping_status":"closed","template":"tw-header-transparent-light.php","meta":{"_eb_attr":"Anton,Noto Sans,Roboto,Open Sans","footnotes":""},"class_list":["post-130","page","type-page","status-publish","hentry"],"_links":{"self":[{"href":"https:\/\/rieger-kyritz.de\/index.php?rest_route=\/wp\/v2\/pages\/130","targetHints":{"allow":["GET"]}}],"collection":[{"href":"https:\/\/rieger-kyritz.de\/index.php?rest_route=\/wp\/v2\/pages"}],"about":[{"href":"https:\/\/rieger-kyritz.de\/index.php?rest_route=\/wp\/v2\/types\/page"}],"author":[{"embeddable":true,"href":"https:\/\/rieger-kyritz.de\/index.php?rest_route=\/wp\/v2\/users\/1"}],"replies":[{"embeddable":true,"href":"https:\/\/rieger-kyritz.de\/index.php?rest_route=%2Fwp%2Fv2%2Fcomments&post=130"}],"version-history":[{"count":117,"href":"https:\/\/rieger-kyritz.de\/index.php?rest_route=\/wp\/v2\/pages\/130\/revisions"}],"predecessor-version":[{"id":309,"href":"https:\/\/rieger-kyritz.de\/index.php?rest_route=\/wp\/v2\/pages\/130\/revisions\/309"}],"wp:attachment":[{"href":"https:\/\/rieger-kyritz.de\/index.php?rest_route=%2Fwp%2Fv2%2Fmedia&parent=130"}],"curies":[{"name":"wp","href":"https:\/\/api.w.org\/{rel}","templated":true}]}}